{"id":185,"date":"2023-02-27T17:33:55","date_gmt":"2023-02-27T17:33:55","guid":{"rendered":"https:\/\/nof.dnac.org\/?page_id=185"},"modified":"2023-07-05T14:33:39","modified_gmt":"2023-07-05T14:33:39","slug":"tpc","status":"publish","type":"page","link":"https:\/\/nof.dnac.org\/2023\/tpc\/","title":{"rendered":"TPC"},"content":{"rendered":"\n<h2 class=\"wp-block-heading\"><mark style=\"background-color:rgba(0, 0, 0, 0)\" class=\"has-inline-color has-vivid-cyan-blue-color\"><strong>NoF 2023 Technical Program Committee<\/strong> <\/mark><\/h2>\n\n\n\n<p><strong>TPC Co-Chairs<\/strong><\/p>\n\n\n\n<p><strong>Xiaoming Fu<\/strong>, <em>University of G\u00f6ttingen, <\/em>Germany<br><strong>Diala Nabousi<\/strong>, <em>\u00c9cole de Technologie Sup\u00e9rieure Montr\u00e9al, <\/em>Canada<\/p>\n\n\n\n<p><strong>TPC Members<\/strong><br><strong>Vahid Akram<\/strong>, <em>Ege University, <\/em>Turkey<br><strong>Remi Badonnel<\/strong>, <em>TELECOM Nancy &#8211; LORIA\/INRIA, <\/em>France<br><strong>Osamah Lutf Hamood Barakat<\/strong>, <em>Siemens AG, <\/em>Germany<br><strong>Amina Boubendir<\/strong>, <em>Airbus Defence and Space, <\/em>France<br><strong>Gul Boztok Algin<\/strong>, <em>Ege University, <\/em>Turkey<br><strong>Miguel Elias Campista<\/strong>, <em>Federal University of Rio de Janeiro, <\/em>Brazil<br><strong>Cemre Candemir<\/strong>, <em>Ege University, <\/em>Turkey<br><strong>Cihat Cetinkaya<\/strong>, <em>Mugla Sitki Kocman University, <\/em>Turkey<br><strong>Prosper Chemouil<\/strong>, <em>Cnam, <\/em>France<br><strong>Antonio Cianfrani<\/strong>, <em>University of Rome Sapienza, <\/em>Italy<br><strong>Stuart Clayman<\/strong>, <em>University College London (UCL), <\/em>United Kingdom<br><strong>Didier Colle<\/strong>, <em>Ghent University &#8211; imec, <\/em>Belgium<br><strong>Estefania Coronado<\/strong>, <em>Fundaci\u00f3 i2CAT, <\/em>Spain<br><strong>Rodrigo Couto<\/strong>, <em>Universidade Federal do Rio de Janeiro, <\/em>Brazil<br><strong>Ghassan Dahman<\/strong>, <em>Ecole de Technologie Superieure (ETS), <\/em>Canada<br><strong>Luca Davoli<\/strong>, <em>University of Parma, <\/em>Italy<br><strong>Amaro de Sousa<\/strong>, <em>University of Aveiro, <\/em>Portugal<br><strong>Christian Dombrowski<\/strong>, <em>Anures GmbH, <\/em>Germany<br><strong>Enhuan Dong<\/strong>,<em> Tsinghua University, <\/em>China<br><strong>Guillaume Doyen<\/strong>, <em>IMT Atlantique, <\/em>France<br><strong>Olivier Festor<\/strong>, <em>INRIA Nancy &#8211; Grand Est, <\/em>France<br><strong>Jaime Gal\u00e1n-Jim\u00e9nez<\/strong>, <em>University of Extremadura, <\/em>Spain<br><strong>Molka Gharbaoui<\/strong>, <em>Scuola Superiore Sant&#8217;Anna, <\/em>Italy<br><strong>Rita Girao-Silva<\/strong>, <em>University of Coimbra, <\/em>Portugal<br><strong>Teresa Gomes<\/strong>, <em>University of Coimbra, <\/em>Portugal<br><strong>Tobias Ho\u00dffeld<\/strong>, <em>University of W\u00fcrzburg, <\/em>Germany<br><strong>Karin Hummel<\/strong>, <em>Johannes Kepler University Linz, <\/em>Austria<br><strong>Luigi Iannone<\/strong>, <em>Huawei, <\/em>France<br><strong>Filip Idzikowski<\/strong>, <em>Poznan University of Technology, <\/em>Poland<br><strong>Wael Jaafar<\/strong>, <em>\u00c9cole de Technologie Sup\u00e9rieure, <\/em>Canada<br><strong>Michael Jarschel<\/strong>, <em>Technische Hochschule Ingolstadt, <\/em>Germany<br><strong>Lei Jiao<\/strong>, <em>University of Oregon, <\/em>USA<br><strong>Luisa Jorge<\/strong>, <em>Polytechnic Institute of Bragan\u00e7a, <\/em>Portugal<br><strong>Michal Krol<\/strong>, <em>City University of London, <\/em>United Kingdom<br><strong>Slawomir Kuklinski<\/strong>, <em>Orange Polska, <\/em>Poland<br><strong>Dirk Kutscher<\/strong>, <em>The Hong Kong University of Science and Technology, <\/em>China<br><strong>Aris Leivadeas<\/strong>, <em>\u00c9cole de Technologie Sup\u00e9rieure, <\/em>Canada<br><strong>Wenzhong Li<\/strong>, <em>Nanjing University, <\/em>China<br><strong>Zhe Lou<\/strong>, <em>Huawei Technologies European Research Center, <\/em>Germany<br><strong>Miguel Luis<\/strong>, <em>Instituto Superior de Engenharia de Lisboa, <\/em>Portugal<br><strong>Ricardo Macedo<\/strong>, <em>Federal University of Santa Maria, <\/em>Brazil<br><strong>Barbara Martini<\/strong>, <em>Universitas Mercatorum, <\/em>Italy<br><strong>Nader Mbarek<\/strong>, <em>University of Burgundy, <\/em>France<br><strong>Paolo Medagliani<\/strong>, <em>Huawei Technologies Co. Ltd., <\/em>France<br><strong>Paulo Melo<\/strong>, <em>University of Coimbra, <\/em>Portugal<br><strong>Hassine Moungla<\/strong>, <em>Universit\u00e9 Paris Cit\u00e9, <\/em>France<br><strong>Luca Muscariello<\/strong>, <em>Cisco Systems, <\/em>France<br><strong>Augusto Neto<\/strong>, <em>Federal University of Rio Grande do Norte (UFRN), <\/em>Brazil<br><strong>Jos\u00e9-Marcos Nogueira<\/strong>, <em>Federal University of Minas Gerais, <\/em>Brazil<br><strong>Ulrich Norbisrath<\/strong>, <em>University of Applied Sciences Upper Austria, <\/em>Austria<br><strong>Dimitri Papadimitriou<\/strong>, <em>University of Antwerp &#8211; imec, <\/em>Belgium<br><strong>Panagiotis Papadimitriou<\/strong>, <em>University of Macedonia, <\/em>Greece<br><strong>Marco Polverini<\/strong>, <em>University &#8220;La Sapienza&#8221; Roma, <\/em>Italy<br><strong>Gregorio Procissi<\/strong>, <em>University of Pisa, <\/em>Italy<br><strong>Kun Qiu<\/strong>, <em>Intel, <\/em>China<br><strong>Roberto Riggio<\/strong>, <em>Universit\u00e0 Politecnica Delle Marche, <\/em>Italy<br><strong>Jorge S\u00e1 Silva<\/strong>, <em>University of Coimbra, <\/em>Portugal<br><strong>Essaid Sabir<\/strong>, <em>University of Quebec at Montreal, <\/em>Canada<br><strong>Jos\u00e9 Santos<\/strong>, <em>Ghent University &#8211; imec, <\/em>Belgium<br><strong>Susana Sargento<\/strong>, <em>Universidade de Aveiro, <\/em>Portugal<br><strong>M\u00fcge Sayit<\/strong>, <em>Ege University, <\/em>Turkey<br><strong>Stefano Secci<\/strong>, <em>CNAM, <\/em>France<br><strong>Kohei Shiomoto<\/strong>,<em> Tokyo City University, <\/em>Japan<br><strong>Paulo Sim\u00f5es<\/strong>, <em>University of Coimbra, <\/em>Portugal<br><strong>Razvan Stanica<\/strong>, <em>INSA Lyon, <\/em>France<br><strong>Massimo Tornatore<\/strong>, <em>Politecnico di Milano, <\/em>Italy<br><strong>Maria Torres Vega<\/strong>, <em>KU Leuven, <\/em>Belgium<br><strong>Daphne Tuncer<\/strong>, <em>Universite Paris-Est, <\/em>France<br><strong>Antonio Virdis<\/strong>, <em>University of Pisa, <\/em>Italy<br><strong>Oliver Waldhorst<\/strong>, <em>Karlsruhe University of Applied Sciences, <\/em>Germany<br><strong>Weijun Wang<\/strong>, <em>Nanjing University, <\/em>China<br><strong>Shuai Xu<\/strong>, <em>Nanjing University of Aeronautics and Astronautics, <\/em>China<br><strong>Shen Yan<\/strong>, <em>Huawei Technologies Co. Ltd, <\/em>China<br><strong>Dong Yuan<\/strong>, <em>The University of Sydney, <\/em>Australia<br><strong>Tingting Yuan<\/strong>, <em>Georg-August-University of G\u00f6ttingen, <\/em>Germany<br><strong>Yali Yuan<\/strong>, <em>University of Goettingen, <\/em>Germany<br><strong>Andr\u00e9 Z\u00faquete<\/strong>, <em>University of Aveiro, <\/em>Portugal<\/p>\n","protected":false},"excerpt":{"rendered":"<p>NoF 2023 Technical Program Committee TPC &hellip; <a href=\"https:\/\/nof.dnac.org\/2023\/tpc\/\">Continue reading <span class=\"meta-nav\">&rarr;<\/span><\/a><\/p>\n","protected":false},"author":1,"featured_media":0,"parent":0,"menu_order":0,"comment_status":"closed","ping_status":"closed","template":"","meta":[],"yoast_head":"<!-- This site is optimized with the Yoast SEO plugin v19.10 - https:\/\/yoast.com\/wordpress\/plugins\/seo\/ -->\n<title>TPC - NoF 2023<\/title>\n<meta name=\"robots\" content=\"index, follow, max-snippet:-1, max-image-preview:large, max-video-preview:-1\" \/>\n<link rel=\"canonical\" href=\"https:\/\/nof.dnac.org\/2023\/tpc\/\" \/>\n<meta property=\"og:locale\" content=\"en_US\" \/>\n<meta property=\"og:type\" content=\"article\" \/>\n<meta property=\"og:title\" content=\"TPC - NoF 2023\" \/>\n<meta property=\"og:description\" content=\"NoF 2023 Technical Program Committee TPC &hellip; Continue reading &rarr;\" \/>\n<meta property=\"og:url\" content=\"https:\/\/nof.dnac.org\/2023\/tpc\/\" \/>\n<meta property=\"og:site_name\" content=\"NoF 2023\" \/>\n<meta property=\"article:modified_time\" content=\"2023-07-05T14:33:39+00:00\" \/>\n<meta name=\"twitter:card\" content=\"summary_large_image\" \/>\n<meta name=\"twitter:site\" content=\"@dnac_conference\" \/>\n<meta name=\"twitter:label1\" content=\"Est. reading time\" \/>\n\t<meta name=\"twitter:data1\" content=\"3 minutes\" \/>\n<script type=\"application\/ld+json\" class=\"yoast-schema-graph\">{\"@context\":\"https:\/\/schema.org\",\"@graph\":[{\"@type\":\"WebPage\",\"@id\":\"https:\/\/nof.dnac.org\/2023\/tpc\/\",\"url\":\"https:\/\/nof.dnac.org\/2023\/tpc\/\",\"name\":\"TPC - NoF 2023\",\"isPartOf\":{\"@id\":\"https:\/\/nof.dnac.org\/2023\/#website\"},\"datePublished\":\"2023-02-27T17:33:55+00:00\",\"dateModified\":\"2023-07-05T14:33:39+00:00\",\"breadcrumb\":{\"@id\":\"https:\/\/nof.dnac.org\/2023\/tpc\/#breadcrumb\"},\"inLanguage\":\"en-US\",\"potentialAction\":[{\"@type\":\"ReadAction\",\"target\":[\"https:\/\/nof.dnac.org\/2023\/tpc\/\"]}]},{\"@type\":\"BreadcrumbList\",\"@id\":\"https:\/\/nof.dnac.org\/2023\/tpc\/#breadcrumb\",\"itemListElement\":[{\"@type\":\"ListItem\",\"position\":1,\"name\":\"Home\",\"item\":\"https:\/\/nof.dnac.org\/2023\/\"},{\"@type\":\"ListItem\",\"position\":2,\"name\":\"TPC\"}]},{\"@type\":\"WebSite\",\"@id\":\"https:\/\/nof.dnac.org\/2023\/#website\",\"url\":\"https:\/\/nof.dnac.org\/2023\/\",\"name\":\"NoF 2023\",\"description\":\"14th International Conference on Network of the Future\",\"publisher\":{\"@id\":\"https:\/\/nof.dnac.org\/2023\/#organization\"},\"potentialAction\":[{\"@type\":\"SearchAction\",\"target\":{\"@type\":\"EntryPoint\",\"urlTemplate\":\"https:\/\/nof.dnac.org\/2023\/?s={search_term_string}\"},\"query-input\":\"required name=search_term_string\"}],\"inLanguage\":\"en-US\"},{\"@type\":\"Organization\",\"@id\":\"https:\/\/nof.dnac.org\/2023\/#organization\",\"name\":\"DNAC\",\"alternateName\":\"De Nouvelles Architectures pour les Communications\",\"url\":\"https:\/\/nof.dnac.org\/2023\/\",\"logo\":{\"@type\":\"ImageObject\",\"inLanguage\":\"en-US\",\"@id\":\"https:\/\/nof.dnac.org\/2023\/#\/schema\/logo\/image\/\",\"url\":\"https:\/\/nof.dnac.org\/wp-content\/uploads\/2022\/11\/Logo_DNAC_Haut_Res-768x303-1.png\",\"contentUrl\":\"https:\/\/nof.dnac.org\/wp-content\/uploads\/2022\/11\/Logo_DNAC_Haut_Res-768x303-1.png\",\"width\":768,\"height\":303,\"caption\":\"DNAC\"},\"image\":{\"@id\":\"https:\/\/nof.dnac.org\/2023\/#\/schema\/logo\/image\/\"},\"sameAs\":[\"https:\/\/twitter.com\/dnac_conference\"]}]}<\/script>\n<!-- \/ Yoast SEO plugin. -->","yoast_head_json":{"title":"TPC - NoF 2023","robots":{"index":"index","follow":"follow","max-snippet":"max-snippet:-1","max-image-preview":"max-image-preview:large","max-video-preview":"max-video-preview:-1"},"canonical":"https:\/\/nof.dnac.org\/2023\/tpc\/","og_locale":"en_US","og_type":"article","og_title":"TPC - NoF 2023","og_description":"NoF 2023 Technical Program Committee TPC &hellip; Continue reading &rarr;","og_url":"https:\/\/nof.dnac.org\/2023\/tpc\/","og_site_name":"NoF 2023","article_modified_time":"2023-07-05T14:33:39+00:00","twitter_card":"summary_large_image","twitter_site":"@dnac_conference","twitter_misc":{"Est. reading time":"3 minutes"},"schema":{"@context":"https:\/\/schema.org","@graph":[{"@type":"WebPage","@id":"https:\/\/nof.dnac.org\/2023\/tpc\/","url":"https:\/\/nof.dnac.org\/2023\/tpc\/","name":"TPC - NoF 2023","isPartOf":{"@id":"https:\/\/nof.dnac.org\/2023\/#website"},"datePublished":"2023-02-27T17:33:55+00:00","dateModified":"2023-07-05T14:33:39+00:00","breadcrumb":{"@id":"https:\/\/nof.dnac.org\/2023\/tpc\/#breadcrumb"},"inLanguage":"en-US","potentialAction":[{"@type":"ReadAction","target":["https:\/\/nof.dnac.org\/2023\/tpc\/"]}]},{"@type":"BreadcrumbList","@id":"https:\/\/nof.dnac.org\/2023\/tpc\/#breadcrumb","itemListElement":[{"@type":"ListItem","position":1,"name":"Home","item":"https:\/\/nof.dnac.org\/2023\/"},{"@type":"ListItem","position":2,"name":"TPC"}]},{"@type":"WebSite","@id":"https:\/\/nof.dnac.org\/2023\/#website","url":"https:\/\/nof.dnac.org\/2023\/","name":"NoF 2023","description":"14th International Conference on Network of the Future","publisher":{"@id":"https:\/\/nof.dnac.org\/2023\/#organization"},"potentialAction":[{"@type":"SearchAction","target":{"@type":"EntryPoint","urlTemplate":"https:\/\/nof.dnac.org\/2023\/?s={search_term_string}"},"query-input":"required name=search_term_string"}],"inLanguage":"en-US"},{"@type":"Organization","@id":"https:\/\/nof.dnac.org\/2023\/#organization","name":"DNAC","alternateName":"De Nouvelles Architectures pour les Communications","url":"https:\/\/nof.dnac.org\/2023\/","logo":{"@type":"ImageObject","inLanguage":"en-US","@id":"https:\/\/nof.dnac.org\/2023\/#\/schema\/logo\/image\/","url":"https:\/\/nof.dnac.org\/wp-content\/uploads\/2022\/11\/Logo_DNAC_Haut_Res-768x303-1.png","contentUrl":"https:\/\/nof.dnac.org\/wp-content\/uploads\/2022\/11\/Logo_DNAC_Haut_Res-768x303-1.png","width":768,"height":303,"caption":"DNAC"},"image":{"@id":"https:\/\/nof.dnac.org\/2023\/#\/schema\/logo\/image\/"},"sameAs":["https:\/\/twitter.com\/dnac_conference"]}]}},"_links":{"self":[{"href":"https:\/\/nof.dnac.org\/2023\/wp-json\/wp\/v2\/pages\/185"}],"collection":[{"href":"https:\/\/nof.dnac.org\/2023\/wp-json\/wp\/v2\/pages"}],"about":[{"href":"https:\/\/nof.dnac.org\/2023\/wp-json\/wp\/v2\/types\/page"}],"author":[{"embeddable":true,"href":"https:\/\/nof.dnac.org\/2023\/wp-json\/wp\/v2\/users\/1"}],"replies":[{"embeddable":true,"href":"https:\/\/nof.dnac.org\/2023\/wp-json\/wp\/v2\/comments?post=185"}],"version-history":[{"count":12,"href":"https:\/\/nof.dnac.org\/2023\/wp-json\/wp\/v2\/pages\/185\/revisions"}],"predecessor-version":[{"id":309,"href":"https:\/\/nof.dnac.org\/2023\/wp-json\/wp\/v2\/pages\/185\/revisions\/309"}],"wp:attachment":[{"href":"https:\/\/nof.dnac.org\/2023\/wp-json\/wp\/v2\/media?parent=185"}],"curies":[{"name":"wp","href":"https:\/\/api.w.org\/{rel}","templated":true}]}}