{"id":243,"date":"2023-06-17T10:03:08","date_gmt":"2023-06-17T10:03:08","guid":{"rendered":"https:\/\/nof.dnac.org\/?page_id=243"},"modified":"2023-10-02T12:25:23","modified_gmt":"2023-10-02T12:25:23","slug":"musts-in-izmir","status":"publish","type":"page","link":"https:\/\/nof.dnac.org\/2023\/musts-in-izmir\/","title":{"rendered":"Musts in Izmir"},"content":{"rendered":"\n<h2 class=\"wp-block-heading has-text-align-center\"><mark style=\"background-color:rgba(0, 0, 0, 0)\" class=\"has-inline-color has-vivid-cyan-blue-color\"><strong>Musts in Izmir<\/strong><\/mark><\/h2>\n\n\n\n<iframe src=\"https:\/\/www.google.com\/maps\/embed?pb=!1m12!1m8!1m3!1d50010.290065854824!2d27.100333!3d38.4266114!3m2!1i1024!2i768!4f13.1!2m1!1sYap%C4%B1lacaklar!5e0!3m2!1sen!2sfr!4v1686995734773!5m2!1sen!2sfr\" width=\"100%\" height=\"450\" style=\"border:0;\" allowfullscreen=\"\" loading=\"lazy\" referrerpolicy=\"no-referrer-when-downgrade\"><\/iframe>\n\n\n\n<h3 class=\"wp-block-heading\">Attractions in Izmir City Center<\/h3>\n\n\n\n<p><strong><em><mark style=\"background-color:rgba(0, 0, 0, 0)\" class=\"has-inline-color has-vivid-cyan-blue-color\">Kordon<\/mark><\/em><\/strong>\u00a0<\/p>\n\n\n\n<p>Iconic seafront suitable to promenade. It lies from Cumhuriyet Meydan\u0131 to Alsancak and from Konak Pier to Konak Meydan\u0131.<\/p>\n\n\n\n<p class=\"has-text-align-center\"><img decoding=\"async\" loading=\"lazy\" width=\"423\" height=\"282\" src=\"https:\/\/lh5.googleusercontent.com\/8ydoGiMPMwyQRkajmJ61VBh3nCQAss6pp2WgdSsrrU1QvU4j6dYvUjbSb7YxpQxJMNQV2rcftBrr5HbnSvcloP0TfqDx4_YGcCyZB8le4aP0n39BT1xkgNaGFfr8HooYffzoufEIVL6CkSZjExrtgQ\" alt=\"1.100+ Izmir Alsancak Stok Foto\u011fraflar\u0131, Resimler ve Royalty-Free G\u00f6rseller  - iStock\"><\/p>\n\n\n\n<p><strong><em><mark style=\"background-color:rgba(0, 0, 0, 0)\" class=\"has-inline-color has-vivid-cyan-blue-color\">Konak Meydan\u0131 ve \u0130zmir Saat Kulesi (Konak Square and \u0130zmir Clock Tower)<\/mark><\/em><\/strong><\/p>\n\n\n\n<p class=\"has-text-align-center\"><img decoding=\"async\" loading=\"lazy\" width=\"476\" height=\"381\" src=\"https:\/\/lh4.googleusercontent.com\/bA_w2NCqepF-rQHCj1PuxExCvcUpiBVXGvKo3f-Zwzwji-O7vuIeqzMKMrgink0p8rnBtBsjPrwgzVfCVd-O6ZCkucSJGEvCXb0ulNiYysVNmfRJqweR5d0cRhISBSBe8qvZTh7wNXZ3djc3IwsWWg\" alt=\"\u0130ZM\u0130R SAAT KULES\u0130\"><\/p>\n\n\n\n<p><strong><em><mark style=\"background-color:rgba(0, 0, 0, 0)\" class=\"has-inline-color has-vivid-cyan-blue-color\">Tarihi Asans\u00f6r (Historical Elevator)<\/mark><\/em><\/strong><br>It has a magnific city and bay view especially at sunset and night. It houses a cafe and restaurant.<\/p>\n\n\n\n<p class=\"has-text-align-center\"><img decoding=\"async\" loading=\"lazy\" width=\"279\" height=\"418\" src=\"https:\/\/lh5.googleusercontent.com\/f73pfbjSAKNwWJ_1s567LkSp0e7Qb39gIVW8zK__PwA0CPqWtyjeQc6bRf4C3C7HEQ6wO5Jbbd0Isvb8BkfnXEiAv5NXvfNUMykDE-9kBOyigCTr7DRxxqY2Vn-4logpVDXBV6NU92E5UB2x2-mhwQ\" alt=\"Tarihi Asans\u00f6r\"><\/p>\n\n\n\n<p><\/p>\n\n\n\n<p><em><strong><mark style=\"background-color:rgba(0, 0, 0, 0)\" class=\"has-inline-color has-vivid-cyan-blue-color\">K\u0131zlara\u011fas\u0131 Han &amp; Kemeralt\u0131\u00a0<\/mark><\/strong><br><\/em>Kemeralt\u0131 is an old bazaar stretching from Konak Sq through to the ancient Agora. There are shops, eateries, artisans&#8217; workshops, mosques, coffeehouses, tea gardens and synagogues. It has crowded and colorful streets.\u00a0<br>K\u0131zlara\u011fas\u0131 Han is an historical and touristic bazaar dated to 18th century.<\/p>\n\n\n\n<p class=\"has-text-align-center\"><img decoding=\"async\" loading=\"lazy\" width=\"563\" height=\"317\" src=\"https:\/\/lh4.googleusercontent.com\/bnez8H9g7qansM8y6ZwnU9A-z1FC33yqH0fHn4qghscQxRbyghIsLoVQsgPeFlipZk3E8HRECyXNqPF_ptsNpn-Iu9Z-NMGGSqzcU94iE8iNdsuNafK1e63XOChdC_r-_ZqQJxIV52Cp-G6V6HeLQQ\" alt=\"Tarihi Asans\u00f6r Binas\u0131\"><\/p>\n\n\n\n<p class=\"has-text-align-center\"><img decoding=\"async\" loading=\"lazy\" width=\"410\" height=\"410\" src=\"https:\/\/lh4.googleusercontent.com\/Od3L8lznL3uXChayl6IxVA2OX-dK-PNXEmpoAArFVrsjp6__aemIy3geyjhEwd4Ui_ErntYeXbsiv0FNDvH7s2h4S7t3GbG9jQMcqmXtt70vqB1fcdoI2sfJ8IgSyC6XJifO0d-wM6V_FCyK3lhB6g\" alt=\"K\u0131zlara\u011fas\u0131 Han\u0131 - Gezicini - G\u00f6r\u00fclmesi Gereken Yerler\"><\/p>\n\n\n\n<p class=\"has-text-align-center\"><img decoding=\"async\" loading=\"lazy\" width=\"444\" height=\"298\" src=\"https:\/\/lh3.googleusercontent.com\/T5NllLU6EHvfbvykRqPuWK-k8sh4P27jaaJ9fi0uvgK2agsRkSUimpRxTH7kXvK_FEacqO9_Pn7MFn6NEsWdq2tQOHfr58C2x4_dlDWFueINbjsKHt01zoH2J76CU6ZzvN0QELO_N84a-G9SLlwWwA\" alt=\"K\u0131zlara\u011fas\u0131 Han\u0131 - izmirmag\"><\/p>\n\n\n\n<p class=\"has-text-align-center\"><img decoding=\"async\" loading=\"lazy\" alt=\"Kemeralt\u0131'n\u0131n yeni hik\u00e2yesi\" src=\"https:\/\/lh3.googleusercontent.com\/QkDBfu9vzFUpDOv9LXG3VbPYpQGoxQ41hE9Zj1N7tVmnhqB2b2ElTLTp3JLyDrlES5YTuzrHwhnefyRq5j2fdWE5iuVhWZQUGlRj4GaxTwDLLQC_c12QM6Gwpf9q3K1s063ffSxU6dOzpmBYX_xMNg\" width=\"420\" height=\"232\"><\/p>\n\n\n\n<p><\/p>\n\n\n\n<p><strong><em><mark style=\"background-color:rgba(0, 0, 0, 0)\" class=\"has-inline-color has-vivid-cyan-blue-color\">K\u00fclt\u00fcr Park (Culture Park)<\/mark><\/em><\/strong><br>At K\u00fclt\u00fcrpark, there are more than 8000 trees and 200 plants.\u00a0<br>K\u00fclt\u00fcrpark has an international character with its fair which is organized every year.\u00a0<br>K\u00fclt\u00fcrpark is built on an area of 420.000 m2. It contains many exhibition and conference halls beside sports, art, and entertainment spots like Atat\u00fcrk Open Air Theater, \u0130smet \u0130n\u00f6n\u00fc Art Center, Celal Atik Sports Hall, Parachute Tower, Youth Theater, Painting and Sculpture Museum, Izmir History and Art Museum.\u00a0<br><\/p>\n\n\n\n<p class=\"has-text-align-center\"><img decoding=\"async\" loading=\"lazy\" width=\"503\" height=\"352\" src=\"https:\/\/lh4.googleusercontent.com\/KEc0Hj6oDdH9oSe1jd-xS3SVWgVvECOGAmvRx8_FWni_1DSzEGCDqSuLd4LvaxJp-eRYr62NK8SjtVsQ0cvcaFjic6ZrtxEygmFVW7xr_N_Ub6jwWHTyyBt2aK1Cbj5javOE-woZSR3cDRqDhRW1Cw\" alt=\"K\u00fclt\u00fcrpark\"><\/p>\n\n\n\n<p><\/p>\n\n\n\n<p class=\"has-text-align-center\"><img decoding=\"async\" loading=\"lazy\" width=\"418\" height=\"313\" src=\"https:\/\/lh3.googleusercontent.com\/WQ2FQPXzkt2yY6A4eRJW7O7YQeudD1PFvAQ4CAaAuHcRWq7U1b8FVjplFI6iez_xnE_tVtGsElH52JLPR8ZordlvRbffOkDW9PgsuG0BZB_X84b5QQHyrONl1TUmg6aGSzZVNmDZhdSf8I_X83TgIg\" alt=\"Visit \u0130zmir Hakk\u0131nda\"><\/p>\n\n\n\n<p><\/p>\n\n\n\n<p><strong><em><mark style=\"background-color:rgba(0, 0, 0, 0)\" class=\"has-inline-color has-vivid-cyan-blue-color\">Nearby Attractions:<\/mark><\/em><\/strong><br><strong>Karag\u00f6l Tabiat Park\u0131 (Karag\u00f6l Natural Park)<\/strong><\/p>\n\n\n\n<p class=\"has-text-align-center\"><img decoding=\"async\" loading=\"lazy\" width=\"259\" height=\"324\" src=\"https:\/\/lh6.googleusercontent.com\/MxMcT1oHvrmjAh8ZJAj_w3CgePkZLoKre2BbgFvZ8_KSjjQhmPqIq_OtQB-21JBOVJ0zbBIl2nsu_C2GoiRs1850nqfRy4MtcPf_M4HaTrBMpkXIbd7vskxuzY3Xr8h-YVFqxxOyQ43-fXuQ4Rdctw\" alt=\"Karag\u00f6l Tabiat Park\u0131 | Nerede, Ziyaret ve Giri\u015f \u00dccreti\"><\/p>\n\n\n\n<p><strong>Efes Antik Kenti (Ephesus)<\/strong><\/p>\n\n\n\n<p class=\"has-text-align-center\"><img decoding=\"async\" loading=\"lazy\" width=\"347\" height=\"256\" src=\"https:\/\/lh6.googleusercontent.com\/FR_pqDzMP1mbcpW1Almzs7VyXaHD7GnRhtQwHFEuyhzeyM8hYRF6GkT-Q-A-0tBAUTlICdlTVdE-BfcuaiSSc9BEvFTJB8HRT4DMt4Lkp4hxwLvQPcgP2YtKX4NbzUP6uj33SbuNKUOPXvVYhDJpmw\" alt=\"Efes Antik Kenti Gezi Rehberi ve Gezilecek Yerler - Piri Guide - Self  Guided Audio Tour App\"><\/p>\n\n\n\n<p><strong>Meryem Ana Evi\u00a0 (House of the Virgin Mary)<\/strong><\/p>\n\n\n\n<p class=\"has-text-align-center\"><img decoding=\"async\" loading=\"lazy\" width=\"387\" height=\"298\" src=\"https:\/\/lh5.googleusercontent.com\/Tc0Z1rvKgZKfs5Bk5-K3nmAz8UIJd60hyONQ6ZbFacRl7Uvx7_LCK4VnqvgOH-E89tPz8ykWr_WZ9N29zycnQytkoepW0nPXELVbWaQeJoqtt95ANRQKSTIeYmfoKpfNKNUGA5ZhpiFNhJAcJewZ8A\" alt=\"Meryem Ana Kilisesi\"><\/p>\n\n\n\n<p><strong>\u015eirince K\u00f6y\u00fc (\u015eirince Village)<\/strong><\/p>\n\n\n\n<p class=\"has-text-align-center\"><img decoding=\"async\" loading=\"lazy\" width=\"485\" height=\"242\" src=\"https:\/\/lh3.googleusercontent.com\/dPc1jqHTgYWCWFWR5Qgro8qBZKIarj8Ec8zPOqdqvpA9DITILxiAw9obM0OAnzfC3Bpb8OmtipzzWYLOIedO6RfSxfZpEErR67B3KpaVcKn7WEhZJtn4CwCFr4RYYsKYssXZ9Q80wg47xCy_QeYmaw\" alt=\"Do\u011fa ve Tarih \u0130\u00e7 \u0130\u00e7e: \u015eirince Gezilecek Yerler\"><\/p>\n\n\n\n<p class=\"has-text-align-center\"><img decoding=\"async\" loading=\"lazy\" width=\"439\" height=\"293\" src=\"https:\/\/lh4.googleusercontent.com\/jlxX8G554cnOyDkJq_9qUdI60jzdq8MKW7L-01UJOzkJSNYG0BS5VuDcYbMhktBOgjhteFiVmafVjw9s2Fv-d38dN9iwIqE06LPfzpPbyOY2LtjKNfeGcsAs9wANHcVb6bvb99ObigAWrpdHyTrRxw\" alt=\"\u015eirince Sel\u00e7uk Izmir T\u00fcrkiyede Pop\u00fcler Bir Hedef G\u00f6r\u00fcn\u00fcm\u00fc Stok Foto\u011fraflar  &amp; \u015eirince'nin Daha Fazla Resimleri - iStock\"><\/p>\n\n\n\n<p><strong>Ala\u015fehir (Philadelphia)<\/strong><\/p>\n\n\n\n<p class=\"has-text-align-center\"><img decoding=\"async\" loading=\"lazy\" width=\"420\" height=\"279\" src=\"https:\/\/lh6.googleusercontent.com\/X_zVqLfs5ggFlYa7zsT7OkbwzW99tDHjm8xCvm7XCtuyQILnY1byimI9IZsEpGasVinfZaYH8KXi0nAN82dwaByRsiLhHRJtFw7Uolc3S7pcmYO5svZHbK3wdC8_RIZaBbF0rrP439vOiho2T_5ErA\" alt=\"https:\/\/lh3.googleusercontent.com\/p\/AF1QipOe5r0Fx7XwW-w2xqq_VV_giPcFdvaFt31h9Fm2=s680-w680-h510\"><\/p>\n\n\n\n<p><strong>Kula Jeopark (Kuladokia)<\/strong><\/p>\n\n\n\n<p class=\"has-text-align-center\"><img decoding=\"async\" loading=\"lazy\" width=\"438\" height=\"292\" src=\"https:\/\/lh5.googleusercontent.com\/g4UVQ_mtAMCSgZJjq6XDNQ7_7W_lMaYvmpf0aUaRCGbXxFdBMXa9QNZSjQSrJ1H24kLNpKABBwFmKJ48NjqZnfyo1thQJTePkvhXvRGBM0XYliSI7oQfaSLOt6V8wQ2bKMiaD-W8MQUqqbQEZacDFQ\" alt=\"Kuladokya Kula Peri Bacalar\u0131 Manisa - T\u00fcrkiye Gezi Tatil Rehberi\"><\/p>\n\n\n\n<p><\/p>\n\n\n\n<p><strong><em><mark style=\"background-color:rgba(0, 0, 0, 0)\" class=\"has-inline-color has-vivid-cyan-blue-color\">Nearby Beaches and Seaside Options:<\/mark><\/em><\/strong><\/p>\n\n\n\n<p>1- \u00c7e\u015fme<\/p>\n\n\n\n<p class=\"has-text-align-center\"><img decoding=\"async\" loading=\"lazy\" width=\"427\" height=\"362\" src=\"https:\/\/lh4.googleusercontent.com\/EK7CPh0O5Skf9MIjSwR-ozowYJE9M0W0AkMNQJt3FjCzPH4ijDhU1-Q4TafPePoKG2R9HNLyunIoSjMgyPo2UJ-IEnwI1QvizKFh-1QlYChdy4MNx74nlbL-sFbVh5ve8t2bnjEkgSdBh6_0ytNNbA\" alt=\"\u00c7e\u015fme Ala\u00e7at\u0131 \u2013 Delikli Koy | Cesme City\"><\/p>\n\n\n\n<p>2- Ala\u00e7at\u0131<\/p>\n\n\n\n<p class=\"has-text-align-center\"><img decoding=\"async\" loading=\"lazy\" width=\"552\" height=\"310\" src=\"https:\/\/lh4.googleusercontent.com\/Vi1UX-bKum4X6Lvp-ZcOtThlqIOvCOdGn-wi5V6ynm_K-KGMhy1wWZQecr2A82HJ37HO2XE-j6yx5cdk6T-MxslYTA06URWGkIvD-CUiy4P8aI7h1W1XQmivKKaTPZ9TZJ0waxxT05e-L8nJdUdh_w\" alt=\"ALA\u00c7ATI GEZ\u0130 REHBER\u0130 | Biz Evde Yokuz\"><\/p>\n\n\n\n<p>3- Il\u0131ca Beach<\/p>\n\n\n\n<p class=\"has-text-align-center\"><img decoding=\"async\" loading=\"lazy\" width=\"479\" height=\"348\" src=\"https:\/\/lh6.googleusercontent.com\/XMiErJVR4KeYYgk1PCloxobUQP3MglpBHaiNyqQ_amkWwGR4KY_wJ3cIG3RYbwM5AULCyXjzsCFXkR5raxrR75sI4HGFZD-huvgT3bWkQEfKf8C-sq_3NqRF15DSGwDNa1eOvPMfOiPYloWwK73IwA\" alt=\"\u0131l\u0131ca halk plaj\u0131\"><\/p>\n\n\n\n<p>4- Fo\u00e7a<\/p>\n\n\n\n<p class=\"has-text-align-center\"><img decoding=\"async\" loading=\"lazy\" alt=\"Fo\u00e7a | Cittaslow International\" src=\"https:\/\/lh6.googleusercontent.com\/iktUdAepNzGY5xSAvjFFyhSzITHB99gNPtLRwY5rVHZvjBR9fmUBVk1h_p2bwu2lrqHxKSdamSjqhsh0-XToz85-fsaZCWzjMspskyIIrXtepOrNwjIvX5bImXs-pVjQwasEOzoPv2wvzzzTd71-eA\" width=\"444\" height=\"296\"><\/p>\n\n\n\n<hr class=\"wp-block-separator has-alpha-channel-opacity\"\/>\n\n\n\n<h3 class=\"wp-block-heading\">Top 15 attractions around Izmir<\/h3>\n\n\n\n<figure class=\"wp-block-image size-large\"><img decoding=\"async\" loading=\"lazy\" width=\"1024\" height=\"750\" src=\"https:\/\/nof.dnac.org\/wp-content\/uploads\/2023\/06\/1-1024x750.png\" alt=\"\" class=\"wp-image-247\" srcset=\"https:\/\/nof.dnac.org\/2023\/wp-content\/uploads\/2023\/06\/1-1024x750.png 1024w, https:\/\/nof.dnac.org\/2023\/wp-content\/uploads\/2023\/06\/1-300x220.png 300w, https:\/\/nof.dnac.org\/2023\/wp-content\/uploads\/2023\/06\/1-768x562.png 768w, https:\/\/nof.dnac.org\/2023\/wp-content\/uploads\/2023\/06\/1.png 1334w\" sizes=\"(max-width: 1024px) 100vw, 1024px\" \/><\/figure>\n\n\n\n<figure class=\"wp-block-image size-large\"><img decoding=\"async\" loading=\"lazy\" width=\"1024\" height=\"746\" src=\"https:\/\/nof.dnac.org\/wp-content\/uploads\/2023\/06\/2-1024x746.png\" alt=\"\" class=\"wp-image-249\" srcset=\"https:\/\/nof.dnac.org\/2023\/wp-content\/uploads\/2023\/06\/2-1024x746.png 1024w, https:\/\/nof.dnac.org\/2023\/wp-content\/uploads\/2023\/06\/2-300x219.png 300w, https:\/\/nof.dnac.org\/2023\/wp-content\/uploads\/2023\/06\/2-768x560.png 768w, https:\/\/nof.dnac.org\/2023\/wp-content\/uploads\/2023\/06\/2.png 1334w\" sizes=\"(max-width: 1024px) 100vw, 1024px\" \/><\/figure>\n","protected":false},"excerpt":{"rendered":"<p>Musts in Izmir Attractions in Izmir &hellip; <a href=\"https:\/\/nof.dnac.org\/2023\/musts-in-izmir\/\">Continue reading <span class=\"meta-nav\">&rarr;<\/span><\/a><\/p>\n","protected":false},"author":1,"featured_media":0,"parent":0,"menu_order":0,"comment_status":"closed","ping_status":"closed","template":"","meta":[],"yoast_head":"<!-- This site is optimized with the Yoast SEO plugin v19.10 - https:\/\/yoast.com\/wordpress\/plugins\/seo\/ -->\n<title>Musts in Izmir - NoF 2023<\/title>\n<meta name=\"robots\" content=\"index, follow, max-snippet:-1, max-image-preview:large, max-video-preview:-1\" \/>\n<link rel=\"canonical\" href=\"https:\/\/nof.dnac.org\/2023\/musts-in-izmir\/\" \/>\n<meta property=\"og:locale\" content=\"en_US\" \/>\n<meta property=\"og:type\" content=\"article\" \/>\n<meta property=\"og:title\" content=\"Musts in Izmir - NoF 2023\" \/>\n<meta property=\"og:description\" content=\"Musts in Izmir Attractions in Izmir &hellip; Continue reading &rarr;\" \/>\n<meta property=\"og:url\" content=\"https:\/\/nof.dnac.org\/2023\/musts-in-izmir\/\" \/>\n<meta property=\"og:site_name\" content=\"NoF 2023\" \/>\n<meta property=\"article:modified_time\" content=\"2023-10-02T12:25:23+00:00\" \/>\n<meta property=\"og:image\" content=\"https:\/\/lh5.googleusercontent.com\/8ydoGiMPMwyQRkajmJ61VBh3nCQAss6pp2WgdSsrrU1QvU4j6dYvUjbSb7YxpQxJMNQV2rcftBrr5HbnSvcloP0TfqDx4_YGcCyZB8le4aP0n39BT1xkgNaGFfr8HooYffzoufEIVL6CkSZjExrtgQ\" \/>\n<meta name=\"twitter:card\" content=\"summary_large_image\" \/>\n<meta name=\"twitter:site\" content=\"@dnac_conference\" \/>\n<meta name=\"twitter:label1\" content=\"Est. reading time\" \/>\n\t<meta name=\"twitter:data1\" content=\"1 minute\" \/>\n<script type=\"application\/ld+json\" class=\"yoast-schema-graph\">{\"@context\":\"https:\/\/schema.org\",\"@graph\":[{\"@type\":\"WebPage\",\"@id\":\"https:\/\/nof.dnac.org\/2023\/musts-in-izmir\/\",\"url\":\"https:\/\/nof.dnac.org\/2023\/musts-in-izmir\/\",\"name\":\"Musts in Izmir - NoF 2023\",\"isPartOf\":{\"@id\":\"https:\/\/nof.dnac.org\/2023\/#website\"},\"datePublished\":\"2023-06-17T10:03:08+00:00\",\"dateModified\":\"2023-10-02T12:25:23+00:00\",\"breadcrumb\":{\"@id\":\"https:\/\/nof.dnac.org\/2023\/musts-in-izmir\/#breadcrumb\"},\"inLanguage\":\"en-US\",\"potentialAction\":[{\"@type\":\"ReadAction\",\"target\":[\"https:\/\/nof.dnac.org\/2023\/musts-in-izmir\/\"]}]},{\"@type\":\"BreadcrumbList\",\"@id\":\"https:\/\/nof.dnac.org\/2023\/musts-in-izmir\/#breadcrumb\",\"itemListElement\":[{\"@type\":\"ListItem\",\"position\":1,\"name\":\"Home\",\"item\":\"https:\/\/nof.dnac.org\/2023\/\"},{\"@type\":\"ListItem\",\"position\":2,\"name\":\"Musts in Izmir\"}]},{\"@type\":\"WebSite\",\"@id\":\"https:\/\/nof.dnac.org\/2023\/#website\",\"url\":\"https:\/\/nof.dnac.org\/2023\/\",\"name\":\"NoF 2023\",\"description\":\"14th International Conference on Network of the Future\",\"publisher\":{\"@id\":\"https:\/\/nof.dnac.org\/2023\/#organization\"},\"potentialAction\":[{\"@type\":\"SearchAction\",\"target\":{\"@type\":\"EntryPoint\",\"urlTemplate\":\"https:\/\/nof.dnac.org\/2023\/?s={search_term_string}\"},\"query-input\":\"required name=search_term_string\"}],\"inLanguage\":\"en-US\"},{\"@type\":\"Organization\",\"@id\":\"https:\/\/nof.dnac.org\/2023\/#organization\",\"name\":\"DNAC\",\"alternateName\":\"De Nouvelles Architectures pour les Communications\",\"url\":\"https:\/\/nof.dnac.org\/2023\/\",\"logo\":{\"@type\":\"ImageObject\",\"inLanguage\":\"en-US\",\"@id\":\"https:\/\/nof.dnac.org\/2023\/#\/schema\/logo\/image\/\",\"url\":\"https:\/\/nof.dnac.org\/wp-content\/uploads\/2022\/11\/Logo_DNAC_Haut_Res-768x303-1.png\",\"contentUrl\":\"https:\/\/nof.dnac.org\/wp-content\/uploads\/2022\/11\/Logo_DNAC_Haut_Res-768x303-1.png\",\"width\":768,\"height\":303,\"caption\":\"DNAC\"},\"image\":{\"@id\":\"https:\/\/nof.dnac.org\/2023\/#\/schema\/logo\/image\/\"},\"sameAs\":[\"https:\/\/twitter.com\/dnac_conference\"]}]}<\/script>\n<!-- \/ Yoast SEO plugin. -->","yoast_head_json":{"title":"Musts in Izmir - NoF 2023","robots":{"index":"index","follow":"follow","max-snippet":"max-snippet:-1","max-image-preview":"max-image-preview:large","max-video-preview":"max-video-preview:-1"},"canonical":"https:\/\/nof.dnac.org\/2023\/musts-in-izmir\/","og_locale":"en_US","og_type":"article","og_title":"Musts in Izmir - NoF 2023","og_description":"Musts in Izmir Attractions in Izmir &hellip; Continue reading &rarr;","og_url":"https:\/\/nof.dnac.org\/2023\/musts-in-izmir\/","og_site_name":"NoF 2023","article_modified_time":"2023-10-02T12:25:23+00:00","og_image":[{"url":"https:\/\/lh5.googleusercontent.com\/8ydoGiMPMwyQRkajmJ61VBh3nCQAss6pp2WgdSsrrU1QvU4j6dYvUjbSb7YxpQxJMNQV2rcftBrr5HbnSvcloP0TfqDx4_YGcCyZB8le4aP0n39BT1xkgNaGFfr8HooYffzoufEIVL6CkSZjExrtgQ"}],"twitter_card":"summary_large_image","twitter_site":"@dnac_conference","twitter_misc":{"Est. reading time":"1 minute"},"schema":{"@context":"https:\/\/schema.org","@graph":[{"@type":"WebPage","@id":"https:\/\/nof.dnac.org\/2023\/musts-in-izmir\/","url":"https:\/\/nof.dnac.org\/2023\/musts-in-izmir\/","name":"Musts in Izmir - NoF 2023","isPartOf":{"@id":"https:\/\/nof.dnac.org\/2023\/#website"},"datePublished":"2023-06-17T10:03:08+00:00","dateModified":"2023-10-02T12:25:23+00:00","breadcrumb":{"@id":"https:\/\/nof.dnac.org\/2023\/musts-in-izmir\/#breadcrumb"},"inLanguage":"en-US","potentialAction":[{"@type":"ReadAction","target":["https:\/\/nof.dnac.org\/2023\/musts-in-izmir\/"]}]},{"@type":"BreadcrumbList","@id":"https:\/\/nof.dnac.org\/2023\/musts-in-izmir\/#breadcrumb","itemListElement":[{"@type":"ListItem","position":1,"name":"Home","item":"https:\/\/nof.dnac.org\/2023\/"},{"@type":"ListItem","position":2,"name":"Musts in Izmir"}]},{"@type":"WebSite","@id":"https:\/\/nof.dnac.org\/2023\/#website","url":"https:\/\/nof.dnac.org\/2023\/","name":"NoF 2023","description":"14th International Conference on Network of the Future","publisher":{"@id":"https:\/\/nof.dnac.org\/2023\/#organization"},"potentialAction":[{"@type":"SearchAction","target":{"@type":"EntryPoint","urlTemplate":"https:\/\/nof.dnac.org\/2023\/?s={search_term_string}"},"query-input":"required name=search_term_string"}],"inLanguage":"en-US"},{"@type":"Organization","@id":"https:\/\/nof.dnac.org\/2023\/#organization","name":"DNAC","alternateName":"De Nouvelles Architectures pour les Communications","url":"https:\/\/nof.dnac.org\/2023\/","logo":{"@type":"ImageObject","inLanguage":"en-US","@id":"https:\/\/nof.dnac.org\/2023\/#\/schema\/logo\/image\/","url":"https:\/\/nof.dnac.org\/wp-content\/uploads\/2022\/11\/Logo_DNAC_Haut_Res-768x303-1.png","contentUrl":"https:\/\/nof.dnac.org\/wp-content\/uploads\/2022\/11\/Logo_DNAC_Haut_Res-768x303-1.png","width":768,"height":303,"caption":"DNAC"},"image":{"@id":"https:\/\/nof.dnac.org\/2023\/#\/schema\/logo\/image\/"},"sameAs":["https:\/\/twitter.com\/dnac_conference"]}]}},"_links":{"self":[{"href":"https:\/\/nof.dnac.org\/2023\/wp-json\/wp\/v2\/pages\/243"}],"collection":[{"href":"https:\/\/nof.dnac.org\/2023\/wp-json\/wp\/v2\/pages"}],"about":[{"href":"https:\/\/nof.dnac.org\/2023\/wp-json\/wp\/v2\/types\/page"}],"author":[{"embeddable":true,"href":"https:\/\/nof.dnac.org\/2023\/wp-json\/wp\/v2\/users\/1"}],"replies":[{"embeddable":true,"href":"https:\/\/nof.dnac.org\/2023\/wp-json\/wp\/v2\/comments?post=243"}],"version-history":[{"count":7,"href":"https:\/\/nof.dnac.org\/2023\/wp-json\/wp\/v2\/pages\/243\/revisions"}],"predecessor-version":[{"id":549,"href":"https:\/\/nof.dnac.org\/2023\/wp-json\/wp\/v2\/pages\/243\/revisions\/549"}],"wp:attachment":[{"href":"https:\/\/nof.dnac.org\/2023\/wp-json\/wp\/v2\/media?parent=243"}],"curies":[{"name":"wp","href":"https:\/\/api.w.org\/{rel}","templated":true}]}}