{"id":255,"date":"2023-06-17T10:16:54","date_gmt":"2023-06-17T10:16:54","guid":{"rendered":"https:\/\/nof.dnac.org\/?page_id=255"},"modified":"2024-05-17T08:38:56","modified_gmt":"2024-05-17T08:38:56","slug":"nof-2023-venue","status":"publish","type":"page","link":"https:\/\/nof.dnac.org\/2023\/nof-2023-venue\/","title":{"rendered":"NoF 2023 Venue"},"content":{"rendered":"\n<h2 class=\"wp-block-heading\"><mark style=\"background-color:rgba(0, 0, 0, 0)\" class=\"has-inline-color has-vivid-cyan-blue-color\">NoF 2023 Venue<\/mark><\/h2>\n\n\n\n<p>NoF 2023 will take place at the:<\/p>\n\n\n\n<p class=\"has-text-align-center\"><a href=\"https:\/\/ube.ege.edu.tr\/\" target=\"_blank\" rel=\"noreferrer noopener\">Uluslararas\u0131 Bilgisayar Enstit\u00fcs\u00fc (International Computer Institute), Ege University<\/a><\/p>\n\n\n\n<p class=\"has-text-align-center\"><em><strong>35100, Bornova, Izmir,<\/strong><\/em><\/p>\n\n\n\n<p class=\"has-text-align-center\"><em><strong>Turkey<\/strong><\/em><\/p>\n\n\n\n<figure class=\"wp-block-image aligncenter size-full\"><img decoding=\"async\" loading=\"lazy\" width=\"800\" height=\"350\" src=\"https:\/\/nof.dnac.org\/wp-content\/uploads\/2023\/06\/ube.jpg\" alt=\"\" class=\"wp-image-256\" style=\"width: 100%;\" srcset=\"https:\/\/nof.dnac.org\/2023\/wp-content\/uploads\/2023\/06\/ube.jpg 800w, https:\/\/nof.dnac.org\/2023\/wp-content\/uploads\/2023\/06\/ube-300x131.jpg 300w, https:\/\/nof.dnac.org\/2023\/wp-content\/uploads\/2023\/06\/ube-768x336.jpg 768w\" sizes=\"(max-width: 800px) 100vw, 800px\" \/><\/figure>\n\n\n\n<p><\/p>\n\n\n\n<iframe src=\"https:\/\/www.google.com\/maps\/embed?pb=!1m14!1m8!1m3!1d1562.156282560906!2d27.2133571!3d38.4573447!3m2!1i1024!2i768!4f13.1!3m3!1m2!1s0x14b97d2ed26bf853%3A0x6a691c86b0777e9a!2sUluslararas%C4%B1%20Bilgisayar%20Enstit%C3%BCs%C3%BC!5e0!3m2!1sen!2sfr!4v1689620138036!5m2!1sen!2sfr\" width=\"100%\" height=\"450\" style=\"border:0;\" allowfullscreen=\"\" loading=\"lazy\" referrerpolicy=\"no-referrer-when-downgrade\"><\/iframe>\n","protected":false},"excerpt":{"rendered":"<p>NoF 2023 Venue NoF 2023 will &hellip; <a href=\"https:\/\/nof.dnac.org\/2023\/nof-2023-venue\/\">Continue reading <span class=\"meta-nav\">&rarr;<\/span><\/a><\/p>\n","protected":false},"author":1,"featured_media":0,"parent":0,"menu_order":0,"comment_status":"closed","ping_status":"closed","template":"","meta":[],"yoast_head":"<!-- This site is optimized with the Yoast SEO plugin v19.10 - https:\/\/yoast.com\/wordpress\/plugins\/seo\/ -->\n<title>NoF 2023 Venue - NoF 2023<\/title>\n<meta name=\"robots\" content=\"index, follow, max-snippet:-1, max-image-preview:large, max-video-preview:-1\" \/>\n<link rel=\"canonical\" href=\"https:\/\/nof.dnac.org\/2023\/nof-2023-venue\/\" \/>\n<meta property=\"og:locale\" content=\"en_US\" \/>\n<meta property=\"og:type\" content=\"article\" \/>\n<meta property=\"og:title\" content=\"NoF 2023 Venue - NoF 2023\" \/>\n<meta property=\"og:description\" content=\"NoF 2023 Venue NoF 2023 will &hellip; Continue reading &rarr;\" \/>\n<meta property=\"og:url\" content=\"https:\/\/nof.dnac.org\/2023\/nof-2023-venue\/\" \/>\n<meta property=\"og:site_name\" content=\"NoF 2023\" \/>\n<meta property=\"article:modified_time\" content=\"2024-05-17T08:38:56+00:00\" \/>\n<meta property=\"og:image\" content=\"https:\/\/nof.dnac.org\/wp-content\/uploads\/2023\/06\/ube.jpg\" \/>\n<meta name=\"twitter:card\" content=\"summary_large_image\" \/>\n<meta name=\"twitter:site\" content=\"@dnac_conference\" \/>\n<script type=\"application\/ld+json\" class=\"yoast-schema-graph\">{\"@context\":\"https:\/\/schema.org\",\"@graph\":[{\"@type\":\"WebPage\",\"@id\":\"https:\/\/nof.dnac.org\/2023\/nof-2023-venue\/\",\"url\":\"https:\/\/nof.dnac.org\/2023\/nof-2023-venue\/\",\"name\":\"NoF 2023 Venue - NoF 2023\",\"isPartOf\":{\"@id\":\"https:\/\/nof.dnac.org\/2023\/#website\"},\"datePublished\":\"2023-06-17T10:16:54+00:00\",\"dateModified\":\"2024-05-17T08:38:56+00:00\",\"breadcrumb\":{\"@id\":\"https:\/\/nof.dnac.org\/2023\/nof-2023-venue\/#breadcrumb\"},\"inLanguage\":\"en-US\",\"potentialAction\":[{\"@type\":\"ReadAction\",\"target\":[\"https:\/\/nof.dnac.org\/2023\/nof-2023-venue\/\"]}]},{\"@type\":\"BreadcrumbList\",\"@id\":\"https:\/\/nof.dnac.org\/2023\/nof-2023-venue\/#breadcrumb\",\"itemListElement\":[{\"@type\":\"ListItem\",\"position\":1,\"name\":\"Home\",\"item\":\"https:\/\/nof.dnac.org\/2023\/\"},{\"@type\":\"ListItem\",\"position\":2,\"name\":\"NoF 2023 Venue\"}]},{\"@type\":\"WebSite\",\"@id\":\"https:\/\/nof.dnac.org\/2023\/#website\",\"url\":\"https:\/\/nof.dnac.org\/2023\/\",\"name\":\"NoF 2023\",\"description\":\"14th International Conference on Network of the Future\",\"publisher\":{\"@id\":\"https:\/\/nof.dnac.org\/2023\/#organization\"},\"potentialAction\":[{\"@type\":\"SearchAction\",\"target\":{\"@type\":\"EntryPoint\",\"urlTemplate\":\"https:\/\/nof.dnac.org\/2023\/?s={search_term_string}\"},\"query-input\":\"required name=search_term_string\"}],\"inLanguage\":\"en-US\"},{\"@type\":\"Organization\",\"@id\":\"https:\/\/nof.dnac.org\/2023\/#organization\",\"name\":\"DNAC\",\"alternateName\":\"De Nouvelles Architectures pour les Communications\",\"url\":\"https:\/\/nof.dnac.org\/2023\/\",\"logo\":{\"@type\":\"ImageObject\",\"inLanguage\":\"en-US\",\"@id\":\"https:\/\/nof.dnac.org\/2023\/#\/schema\/logo\/image\/\",\"url\":\"https:\/\/nof.dnac.org\/wp-content\/uploads\/2022\/11\/Logo_DNAC_Haut_Res-768x303-1.png\",\"contentUrl\":\"https:\/\/nof.dnac.org\/wp-content\/uploads\/2022\/11\/Logo_DNAC_Haut_Res-768x303-1.png\",\"width\":768,\"height\":303,\"caption\":\"DNAC\"},\"image\":{\"@id\":\"https:\/\/nof.dnac.org\/2023\/#\/schema\/logo\/image\/\"},\"sameAs\":[\"https:\/\/twitter.com\/dnac_conference\"]}]}<\/script>\n<!-- \/ Yoast SEO plugin. -->","yoast_head_json":{"title":"NoF 2023 Venue - NoF 2023","robots":{"index":"index","follow":"follow","max-snippet":"max-snippet:-1","max-image-preview":"max-image-preview:large","max-video-preview":"max-video-preview:-1"},"canonical":"https:\/\/nof.dnac.org\/2023\/nof-2023-venue\/","og_locale":"en_US","og_type":"article","og_title":"NoF 2023 Venue - NoF 2023","og_description":"NoF 2023 Venue NoF 2023 will &hellip; Continue reading &rarr;","og_url":"https:\/\/nof.dnac.org\/2023\/nof-2023-venue\/","og_site_name":"NoF 2023","article_modified_time":"2024-05-17T08:38:56+00:00","og_image":[{"url":"https:\/\/nof.dnac.org\/wp-content\/uploads\/2023\/06\/ube.jpg"}],"twitter_card":"summary_large_image","twitter_site":"@dnac_conference","schema":{"@context":"https:\/\/schema.org","@graph":[{"@type":"WebPage","@id":"https:\/\/nof.dnac.org\/2023\/nof-2023-venue\/","url":"https:\/\/nof.dnac.org\/2023\/nof-2023-venue\/","name":"NoF 2023 Venue - NoF 2023","isPartOf":{"@id":"https:\/\/nof.dnac.org\/2023\/#website"},"datePublished":"2023-06-17T10:16:54+00:00","dateModified":"2024-05-17T08:38:56+00:00","breadcrumb":{"@id":"https:\/\/nof.dnac.org\/2023\/nof-2023-venue\/#breadcrumb"},"inLanguage":"en-US","potentialAction":[{"@type":"ReadAction","target":["https:\/\/nof.dnac.org\/2023\/nof-2023-venue\/"]}]},{"@type":"BreadcrumbList","@id":"https:\/\/nof.dnac.org\/2023\/nof-2023-venue\/#breadcrumb","itemListElement":[{"@type":"ListItem","position":1,"name":"Home","item":"https:\/\/nof.dnac.org\/2023\/"},{"@type":"ListItem","position":2,"name":"NoF 2023 Venue"}]},{"@type":"WebSite","@id":"https:\/\/nof.dnac.org\/2023\/#website","url":"https:\/\/nof.dnac.org\/2023\/","name":"NoF 2023","description":"14th International Conference on Network of the Future","publisher":{"@id":"https:\/\/nof.dnac.org\/2023\/#organization"},"potentialAction":[{"@type":"SearchAction","target":{"@type":"EntryPoint","urlTemplate":"https:\/\/nof.dnac.org\/2023\/?s={search_term_string}"},"query-input":"required name=search_term_string"}],"inLanguage":"en-US"},{"@type":"Organization","@id":"https:\/\/nof.dnac.org\/2023\/#organization","name":"DNAC","alternateName":"De Nouvelles Architectures pour les Communications","url":"https:\/\/nof.dnac.org\/2023\/","logo":{"@type":"ImageObject","inLanguage":"en-US","@id":"https:\/\/nof.dnac.org\/2023\/#\/schema\/logo\/image\/","url":"https:\/\/nof.dnac.org\/wp-content\/uploads\/2022\/11\/Logo_DNAC_Haut_Res-768x303-1.png","contentUrl":"https:\/\/nof.dnac.org\/wp-content\/uploads\/2022\/11\/Logo_DNAC_Haut_Res-768x303-1.png","width":768,"height":303,"caption":"DNAC"},"image":{"@id":"https:\/\/nof.dnac.org\/2023\/#\/schema\/logo\/image\/"},"sameAs":["https:\/\/twitter.com\/dnac_conference"]}]}},"_links":{"self":[{"href":"https:\/\/nof.dnac.org\/2023\/wp-json\/wp\/v2\/pages\/255"}],"collection":[{"href":"https:\/\/nof.dnac.org\/2023\/wp-json\/wp\/v2\/pages"}],"about":[{"href":"https:\/\/nof.dnac.org\/2023\/wp-json\/wp\/v2\/types\/page"}],"author":[{"embeddable":true,"href":"https:\/\/nof.dnac.org\/2023\/wp-json\/wp\/v2\/users\/1"}],"replies":[{"embeddable":true,"href":"https:\/\/nof.dnac.org\/2023\/wp-json\/wp\/v2\/comments?post=255"}],"version-history":[{"count":5,"href":"https:\/\/nof.dnac.org\/2023\/wp-json\/wp\/v2\/pages\/255\/revisions"}],"predecessor-version":[{"id":536,"href":"https:\/\/nof.dnac.org\/2023\/wp-json\/wp\/v2\/pages\/255\/revisions\/536"}],"wp:attachment":[{"href":"https:\/\/nof.dnac.org\/2023\/wp-json\/wp\/v2\/media?parent=255"}],"curies":[{"name":"wp","href":"https:\/\/api.w.org\/{rel}","templated":true}]}}