{"id":222,"date":"2026-04-22T15:03:12","date_gmt":"2026-04-22T15:03:12","guid":{"rendered":"https:\/\/nof.dnac.org\/2026\/?page_id=222"},"modified":"2026-04-22T15:03:12","modified_gmt":"2026-04-22T15:03:12","slug":"win-2026","status":"publish","type":"page","link":"https:\/\/nof.dnac.org\/2026\/win-2026\/","title":{"rendered":"WIN 2026"},"content":{"rendered":"<h2 class=\"p1\"><span style=\"color: #0a8af2;\"><strong>6<span class=\"s1\">th<\/span> International Workshop on Intent-based Networking (WIN 2026)<\/strong><\/span><\/h2>\n<p class=\"p1\">Intent Based Networking (IBN) focuses on technology-agnostic, flexible and robust interactions between network infrastructure management and operating systems and their users. One of the main goals of IBN is the lifecycle automation and deployment acceleration of communication services and applications. As such, IBN articulates various mechanisms to recognize, understand, augment and refine intents based on service and operational requests.<\/p>\n<p class=\"p1\">Intent-based systems continuously strive to fulfill and assure service and network operation within the expected qualitative and performance boundaries, thanks to reliable system feedback.<\/p>\n<p class=\"p1\">The concept of IBN appeared in the 2010\u2019s with a focus on automated policy configuration. IBN now reaches out to versatile applications and services deployed over heterogeneous digital communication infrastructures. A core challenge of IBN solutions is the stretch between generalization of the application scope (potentially spanning horizontally and vertically end-to-end through networks) and the need to run in a well-defined network scope and associated knowledge domains, while preserving enough flexibility.<\/p>\n<p class=\"p1\">The goal of this workshop is to gather research and experiments from industry, academia, standards and open-source works, to get a sense of IBN technology maturity, areas that require further exploration, development and validation. To this end, the workshop will cover IBN aspects of all domains including applications, concepts, lifecycle, challenges, architectures, modeling, instantiation, robustness, etc.<\/p>\n<hr \/>\n<p class=\"p1\"><strong>Topics of interest include and are not limited to:<\/strong><\/p>\n<p class=\"p2\">\u25cf IBN concepts, architectures, and frameworks<\/p>\n<p class=\"p2\">\u25cf IBN enabling techniques: knowledge graphs, natural languages understanding, policy refinement, feedback control loops, smart telemetry, etc.<\/p>\n<p class=\"p2\">\u25cf IBN support by machine learning and artificial intelligence<\/p>\n<p class=\"p2\">\u25cf IBN applications and use cases, including scenarios combining digital infrastructures and vertical industries<\/p>\n<p class=\"p2\">\u25cf IBN proof-of-concepts, experimentations; report on field trials and real-world deployments<\/p>\n<p class=\"p3\">\u25cf IBN and digital twins<\/p>\n<p class=\"p2\">\u25cf IBN implementations, tools, and user interface design<\/p>\n<p class=\"p2\">\u25cf IBN applications for 5G, 5G-Advanced and 6G networks<\/p>\n<p class=\"p2\">\u25cf IBN and cybersecurity<\/p>\n<p class=\"p2\">\u25cf Enabling technologies for IBN: Generative AI and Large Language Models (LLM)<\/p>\n<p class=\"p2\">\u25cf IBN and VANETs<\/p>\n<p class=\"p2\">\u25cf Intent modeling, representation, languages, and intent translation techniques<\/p>\n<p class=\"p2\">\u25cf Intent and intent-related information models (policies and services)<\/p>\n<p class=\"p2\">\u25cf Intent recognition, recommendation, and abstraction techniques<\/p>\n<p class=\"p2\">\u25cf Intent assurance and assessment<\/p>\n<p class=\"p2\">\u25cf Availability, resiliency, performance, trust, and security considerations in IBN<\/p>\n<p class=\"p2\">\u25cf Interfaces and API for intent-based systems<\/p>\n<p class=\"p2\">\u25cf Recent advances on IBN in standards and open source<\/p>\n<hr \/>\n<h3><span style=\"color: #0a8af2;\">Submission Guidelines<\/span><\/h3>\n<p class=\"p1\">Authors are invited to submit novel contributions, which are not under review in any other conference or journal, to: <a href=\"https:\/\/edas.info\/N35282\">https:\/\/edas.info\/N35282<\/a><\/p>\n<p class=\"p1\">Technical papers must be formatted using the IEEE 2-column format and not exceed 7 pages (including references).<\/p>\n<p class=\"p1\">Accepted papers will be included in NoF 2026 proceedings and indexed in IEEEXplore library.<\/p>\n<hr \/>\n<h3><span style=\"color: #0a8af2;\"><strong>Important dates<\/strong><\/span><\/h3>\n<ul>\n<li class=\"p1\">Workshop paper submission deadline: <span style=\"color: #ff0000;\"><strong>July 11, 2026<\/strong><\/span><\/li>\n<li class=\"p1\">Workshop paper acceptance notification: August 15, 2026<\/li>\n<li class=\"p1\">Camera-ready paper submission deadline: August 15, 2026<\/li>\n<li class=\"p1\">Workshop date: September 29 or October 02, 2026<\/li>\n<\/ul>\n<hr \/>\n<h3 class=\"p1\"><strong><span style=\"color: #0a8af2;\">Technical Program Committee<\/span><\/strong><\/h3>\n<ul>\n<li class=\"p1\">Anubhab Banerjee Nokia, Germany<\/li>\n<li class=\"p1\">Davide Berardi Universitas Mercatorum, Italy<\/li>\n<li class=\"p1\">Davide Borsatti University of Bologna, Italy<\/li>\n<li class=\"p1\">Marc Bruy\u00e8re Institute of Innovation Research Lab, Japan<\/li>\n<li class=\"p1\">Chiara Contoli University of Urbino &#8220;Carlo Bo&#8221;, Italy<\/li>\n<li class=\"p1\">Venkata Suman Doma USA<\/li>\n<li class=\"p1\">Molka Gharbaoui Scuola Superiore Sant&#8217;Anna, Italy<\/li>\n<li class=\"p1\">Jaehoon (Paul) Jeong Sungkyunkwan University, South Korea<\/li>\n<li class=\"p1\">Andreas Johnsson Ericsson Research, Sweden<\/li>\n<li class=\"p1\">Koteswararao Kondepu Indian Institute of Technology Dharwad, India<\/li>\n<li class=\"p1\">Danny Alex Lachos Perez BENOCS GmbH, Germany<\/li>\n<li class=\"p1\">Sandor Laki E\u00f6tv\u00f6s Lor\u00e1nd University, Hungary<\/li>\n<li class=\"p1\">Diego Lopez Telefonica, Spain<\/li>\n<li class=\"p1\">Gurundha Mangalampenta Semiconductors, VLSI, Electronics, Digital Systems AI, USA<\/li>\n<li class=\"p1\">Jeferson Nobre Federal University of Rio Grande do Sul, Brazil<\/li>\n<li class=\"p1\">\u00c9ric Renault ESIEE Paris \u2013 Univ. Gustave Eiffel, France<\/li>\n<li class=\"p1\">Henry Yu Huawei, Canada<\/li>\n<\/ul>\n<hr \/>\n<p>&nbsp;<\/p>\n","protected":false},"excerpt":{"rendered":"<p>6th International Workshop on Intent-based Networking &hellip; <a href=\"https:\/\/nof.dnac.org\/2026\/win-2026\/\">Continue reading <span class=\"meta-nav\">&rarr;<\/span><\/a><\/p>\n","protected":false},"author":1,"featured_media":0,"parent":0,"menu_order":0,"comment_status":"closed","ping_status":"closed","template":"","meta":{"footnotes":""},"class_list":["post-222","page","type-page","status-publish","hentry"],"yoast_head":"<!-- This site is optimized with the Yoast SEO plugin v26.8 - https:\/\/yoast.com\/product\/yoast-seo-wordpress\/ -->\n<title>WIN 2026 - NoF 2026<\/title>\n<meta name=\"robots\" content=\"index, follow, max-snippet:-1, max-image-preview:large, max-video-preview:-1\" \/>\n<link rel=\"canonical\" href=\"https:\/\/nof.dnac.org\/2026\/win-2026\/\" \/>\n<meta property=\"og:locale\" content=\"en_US\" \/>\n<meta property=\"og:type\" content=\"article\" \/>\n<meta property=\"og:title\" content=\"WIN 2026 - NoF 2026\" \/>\n<meta property=\"og:description\" content=\"6th International Workshop on Intent-based Networking &hellip; Continue reading &rarr;\" \/>\n<meta property=\"og:url\" content=\"https:\/\/nof.dnac.org\/2026\/win-2026\/\" \/>\n<meta property=\"og:site_name\" content=\"NoF 2026\" \/>\n<meta name=\"twitter:card\" content=\"summary_large_image\" \/>\n<meta name=\"twitter:label1\" content=\"Est. reading time\" \/>\n\t<meta name=\"twitter:data1\" content=\"3 minutes\" \/>\n<script type=\"application\/ld+json\" class=\"yoast-schema-graph\">{\"@context\":\"https:\/\/schema.org\",\"@graph\":[{\"@type\":\"WebPage\",\"@id\":\"https:\/\/nof.dnac.org\/2026\/win-2026\/\",\"url\":\"https:\/\/nof.dnac.org\/2026\/win-2026\/\",\"name\":\"WIN 2026 - NoF 2026\",\"isPartOf\":{\"@id\":\"https:\/\/nof.dnac.org\/2026\/#website\"},\"datePublished\":\"2026-04-22T15:03:12+00:00\",\"breadcrumb\":{\"@id\":\"https:\/\/nof.dnac.org\/2026\/win-2026\/#breadcrumb\"},\"inLanguage\":\"en-US\",\"potentialAction\":[{\"@type\":\"ReadAction\",\"target\":[\"https:\/\/nof.dnac.org\/2026\/win-2026\/\"]}]},{\"@type\":\"BreadcrumbList\",\"@id\":\"https:\/\/nof.dnac.org\/2026\/win-2026\/#breadcrumb\",\"itemListElement\":[{\"@type\":\"ListItem\",\"position\":1,\"name\":\"Home\",\"item\":\"https:\/\/nof.dnac.org\/2026\/\"},{\"@type\":\"ListItem\",\"position\":2,\"name\":\"WIN 2026\"}]},{\"@type\":\"WebSite\",\"@id\":\"https:\/\/nof.dnac.org\/2026\/#website\",\"url\":\"https:\/\/nof.dnac.org\/2026\/\",\"name\":\"NoF 2026\",\"description\":\"17th International Conference on Network of the Future\",\"publisher\":{\"@id\":\"https:\/\/nof.dnac.org\/2026\/#organization\"},\"potentialAction\":[{\"@type\":\"SearchAction\",\"target\":{\"@type\":\"EntryPoint\",\"urlTemplate\":\"https:\/\/nof.dnac.org\/2026\/?s={search_term_string}\"},\"query-input\":{\"@type\":\"PropertyValueSpecification\",\"valueRequired\":true,\"valueName\":\"search_term_string\"}}],\"inLanguage\":\"en-US\"},{\"@type\":\"Organization\",\"@id\":\"https:\/\/nof.dnac.org\/2026\/#organization\",\"name\":\"DNAC\",\"url\":\"https:\/\/nof.dnac.org\/2026\/\",\"logo\":{\"@type\":\"ImageObject\",\"inLanguage\":\"en-US\",\"@id\":\"https:\/\/nof.dnac.org\/2026\/#\/schema\/logo\/image\/\",\"url\":\"https:\/\/nof.dnac.org\/2026\/wp-content\/uploads\/2026\/01\/Logo_DNAC_Haut_Res.png\",\"contentUrl\":\"https:\/\/nof.dnac.org\/2026\/wp-content\/uploads\/2026\/01\/Logo_DNAC_Haut_Res.png\",\"width\":906,\"height\":357,\"caption\":\"DNAC\"},\"image\":{\"@id\":\"https:\/\/nof.dnac.org\/2026\/#\/schema\/logo\/image\/\"}}]}<\/script>\n<!-- \/ Yoast SEO plugin. -->","yoast_head_json":{"title":"WIN 2026 - NoF 2026","robots":{"index":"index","follow":"follow","max-snippet":"max-snippet:-1","max-image-preview":"max-image-preview:large","max-video-preview":"max-video-preview:-1"},"canonical":"https:\/\/nof.dnac.org\/2026\/win-2026\/","og_locale":"en_US","og_type":"article","og_title":"WIN 2026 - NoF 2026","og_description":"6th International Workshop on Intent-based Networking &hellip; Continue reading &rarr;","og_url":"https:\/\/nof.dnac.org\/2026\/win-2026\/","og_site_name":"NoF 2026","twitter_card":"summary_large_image","twitter_misc":{"Est. reading time":"3 minutes"},"schema":{"@context":"https:\/\/schema.org","@graph":[{"@type":"WebPage","@id":"https:\/\/nof.dnac.org\/2026\/win-2026\/","url":"https:\/\/nof.dnac.org\/2026\/win-2026\/","name":"WIN 2026 - NoF 2026","isPartOf":{"@id":"https:\/\/nof.dnac.org\/2026\/#website"},"datePublished":"2026-04-22T15:03:12+00:00","breadcrumb":{"@id":"https:\/\/nof.dnac.org\/2026\/win-2026\/#breadcrumb"},"inLanguage":"en-US","potentialAction":[{"@type":"ReadAction","target":["https:\/\/nof.dnac.org\/2026\/win-2026\/"]}]},{"@type":"BreadcrumbList","@id":"https:\/\/nof.dnac.org\/2026\/win-2026\/#breadcrumb","itemListElement":[{"@type":"ListItem","position":1,"name":"Home","item":"https:\/\/nof.dnac.org\/2026\/"},{"@type":"ListItem","position":2,"name":"WIN 2026"}]},{"@type":"WebSite","@id":"https:\/\/nof.dnac.org\/2026\/#website","url":"https:\/\/nof.dnac.org\/2026\/","name":"NoF 2026","description":"17th International Conference on Network of the Future","publisher":{"@id":"https:\/\/nof.dnac.org\/2026\/#organization"},"potentialAction":[{"@type":"SearchAction","target":{"@type":"EntryPoint","urlTemplate":"https:\/\/nof.dnac.org\/2026\/?s={search_term_string}"},"query-input":{"@type":"PropertyValueSpecification","valueRequired":true,"valueName":"search_term_string"}}],"inLanguage":"en-US"},{"@type":"Organization","@id":"https:\/\/nof.dnac.org\/2026\/#organization","name":"DNAC","url":"https:\/\/nof.dnac.org\/2026\/","logo":{"@type":"ImageObject","inLanguage":"en-US","@id":"https:\/\/nof.dnac.org\/2026\/#\/schema\/logo\/image\/","url":"https:\/\/nof.dnac.org\/2026\/wp-content\/uploads\/2026\/01\/Logo_DNAC_Haut_Res.png","contentUrl":"https:\/\/nof.dnac.org\/2026\/wp-content\/uploads\/2026\/01\/Logo_DNAC_Haut_Res.png","width":906,"height":357,"caption":"DNAC"},"image":{"@id":"https:\/\/nof.dnac.org\/2026\/#\/schema\/logo\/image\/"}}]}},"_links":{"self":[{"href":"https:\/\/nof.dnac.org\/2026\/wp-json\/wp\/v2\/pages\/222","targetHints":{"allow":["GET"]}}],"collection":[{"href":"https:\/\/nof.dnac.org\/2026\/wp-json\/wp\/v2\/pages"}],"about":[{"href":"https:\/\/nof.dnac.org\/2026\/wp-json\/wp\/v2\/types\/page"}],"author":[{"embeddable":true,"href":"https:\/\/nof.dnac.org\/2026\/wp-json\/wp\/v2\/users\/1"}],"replies":[{"embeddable":true,"href":"https:\/\/nof.dnac.org\/2026\/wp-json\/wp\/v2\/comments?post=222"}],"version-history":[{"count":1,"href":"https:\/\/nof.dnac.org\/2026\/wp-json\/wp\/v2\/pages\/222\/revisions"}],"predecessor-version":[{"id":223,"href":"https:\/\/nof.dnac.org\/2026\/wp-json\/wp\/v2\/pages\/222\/revisions\/223"}],"wp:attachment":[{"href":"https:\/\/nof.dnac.org\/2026\/wp-json\/wp\/v2\/media?parent=222"}],"curies":[{"name":"wp","href":"https:\/\/api.w.org\/{rel}","templated":true}]}}